{"id":57809,"date":"2021-10-23T07:04:49","date_gmt":"2021-10-23T07:04:49","guid":{"rendered":"https:\/\/new.suixtri.com\/histoire\/"},"modified":"2021-10-23T07:43:32","modified_gmt":"2021-10-23T07:43:32","slug":"histoire","status":"publish","type":"page","link":"https:\/\/suixtri.com\/fr\/histoire\/","title":{"rendered":"Histoire"},"content":{"rendered":"\t\t<div data-elementor-type=\"wp-page\" data-elementor-id=\"57809\" class=\"elementor elementor-57809 elementor-54451\" data-elementor-post-type=\"page\">\n\t\t\t\t\t\t<section class=\"elementor-section elementor-top-section elementor-element elementor-element-0554430 elementor-section-boxed elementor-section-height-default elementor-section-height-default\" data-id=\"0554430\" data-element_type=\"section\" data-e-type=\"section\" data-settings=\"{&quot;background_background&quot;:&quot;classic&quot;}\">\n\t\t\t\t\t\t\t<div class=\"elementor-background-overlay\"><\/div>\n\t\t\t\t\t\t\t<div class=\"elementor-container elementor-column-gap-default\">\n\t\t\t\t\t<div class=\"elementor-column elementor-col-100 elementor-top-column elementor-element elementor-element-e296814\" data-id=\"e296814\" data-element_type=\"column\" data-e-type=\"column\" data-settings=\"{&quot;background_background&quot;:&quot;classic&quot;}\">\n\t\t\t<div class=\"elementor-widget-wrap elementor-element-populated\">\n\t\t\t\t\t\t<div class=\"elementor-element elementor-element-7f88965 elementor-widget elementor-widget-heading\" data-id=\"7f88965\" data-element_type=\"widget\" data-e-type=\"widget\" data-widget_type=\"heading.default\">\n\t\t\t\t<div class=\"elementor-widget-container\">\n\t\t\t\t\t<h2 class=\"elementor-heading-title elementor-size-default\"><a href=\"https:\/\/suixtri.com\/fr\">BACK<\/a><\/h2>\t\t\t\t<\/div>\n\t\t\t\t<\/div>\n\t\t\t\t<section class=\"elementor-section elementor-inner-section elementor-element elementor-element-accf567 elementor-reverse-tablet elementor-reverse-mobile elementor-section-boxed elementor-section-height-default elementor-section-height-default\" data-id=\"accf567\" data-element_type=\"section\" data-e-type=\"section\">\n\t\t\t\t\t\t<div class=\"elementor-container elementor-column-gap-default\">\n\t\t\t\t\t<div class=\"elementor-column elementor-col-100 elementor-inner-column elementor-element elementor-element-606a957\" data-id=\"606a957\" data-element_type=\"column\" data-e-type=\"column\">\n\t\t\t<div class=\"elementor-widget-wrap elementor-element-populated\">\n\t\t\t\t\t\t<div class=\"elementor-element elementor-element-4931d70 elementor-widget elementor-widget-heading\" data-id=\"4931d70\" data-element_type=\"widget\" data-e-type=\"widget\" data-widget_type=\"heading.default\">\n\t\t\t\t<div class=\"elementor-widget-container\">\n\t\t\t\t\t<h1 class=\"elementor-heading-title elementor-size-default\">Histoire<\/h1>\t\t\t\t<\/div>\n\t\t\t\t<\/div>\n\t\t\t\t<div class=\"elementor-element elementor-element-dcdfc41 elementor-widget elementor-widget-text-editor\" data-id=\"dcdfc41\" data-element_type=\"widget\" data-e-type=\"widget\" data-widget_type=\"text-editor.default\">\n\t\t\t\t<div class=\"elementor-widget-container\">\n\t\t\t\t\t\t\t\t\t<p>Le concept des Xtreme Triathlons ram\u00e8ne les athl\u00e8tes aux racines du triathlon. Seules leurs propres performances, l&rsquo;atmosph\u00e8re familiale et l&rsquo;exp\u00e9rience au milieu de paysages \u00e0 couper le souffle sont au premier plan. La coop\u00e9ration entre les organisateurs du SWISSMAN, Norseman et Celtman a pour but de promouvoir et de diffuser ces valeurs du triathlon.<\/p><h2>Norseman Xtreme Triathlon<\/h2><p>Le triathlon Norseman Xtreme a c\u00e9l\u00e9br\u00e9 son dixi\u00e8me anniversaire \u00e0 l&rsquo;\u00e9t\u00e9 2012 ! Le parcours tr\u00e8s exigeant sur l&rsquo;Irondistance depuis Hardangerfjord, \u00e0 travers le plus grand plateau d&rsquo;Europe et enfin sur la plus haute montagne de la province de Telemark, a fait du Norseman une exp\u00e9rience unique de triathlon.<\/p><p>Aujourd&rsquo;hui, plusieurs ann\u00e9es apr\u00e8s l&rsquo;\u00e9v\u00e9nement inaugural, les 250 places de d\u00e9part du Norseman sont tir\u00e9es au sort parmi des milliers de candidats de plus de 60 nations sur les cinq continents. L&rsquo;enthousiasme pour cet \u00e9v\u00e9nement parmi les athl\u00e8tes d&rsquo;endurance est \u00e9norme.<\/p><h2>Celtman Extreme Scottish Triathlon<\/h2><p>En coop\u00e9ration avec les organisateurs du Norseman, le Celtman s&rsquo;est tenu pour la premi\u00e8re fois en \u00c9cosse \u00e0 l&rsquo;\u00e9t\u00e9 2012. Sous la devise \u00ab\u00a0Dans l&rsquo;esprit des meilleurs triathlons Xtreme du monde\u00a0\u00bb, le Celtman est la deuxi\u00e8me comp\u00e9tition r\u00e9ussie selon le principe \u00ab\u00a0retour aux sources du triathlon\u00a0\u00bb.<\/p>\t\t\t\t\t\t\t\t<\/div>\n\t\t\t\t<\/div>\n\t\t\t\t\t<\/div>\n\t\t<\/div>\n\t\t\t\t\t<\/div>\n\t\t<\/section>\n\t\t\t\t<section class=\"elementor-section elementor-inner-section elementor-element elementor-element-60e283b elementor-reverse-tablet elementor-reverse-mobile elementor-section-boxed elementor-section-height-default elementor-section-height-default\" data-id=\"60e283b\" data-element_type=\"section\" data-e-type=\"section\">\n\t\t\t\t\t\t<div class=\"elementor-container elementor-column-gap-default\">\n\t\t\t\t\t<div class=\"elementor-column elementor-col-100 elementor-inner-column elementor-element elementor-element-6762a95\" data-id=\"6762a95\" data-element_type=\"column\" data-e-type=\"column\">\n\t\t\t<div class=\"elementor-widget-wrap elementor-element-populated\">\n\t\t\t\t\t\t<div class=\"elementor-element elementor-element-54fd0b4 elementor-widget elementor-widget-text-editor\" data-id=\"54fd0b4\" data-element_type=\"widget\" data-e-type=\"widget\" data-widget_type=\"text-editor.default\">\n\t\t\t\t<div class=\"elementor-widget-container\">\n\t\t\t\t\t\t\t\t\t<h2>Le premier SWISSMAN<\/h2>\t\t\t\t\t\t\t\t<\/div>\n\t\t\t\t<\/div>\n\t\t\t\t<div class=\"elementor-element elementor-element-61eb5da elementor-position-top elementor-widget elementor-widget-image-box\" data-id=\"61eb5da\" data-element_type=\"widget\" data-e-type=\"widget\" data-widget_type=\"image-box.default\">\n\t\t\t\t<div class=\"elementor-widget-container\">\n\t\t\t\t\t<div class=\"elementor-image-box-wrapper\"><figure class=\"elementor-image-box-img\"><img fetchpriority=\"high\" decoding=\"async\" width=\"2000\" height=\"1060\" src=\"https:\/\/suixtri.com\/wp-content\/uploads\/2021\/09\/SWISSMAN_Finisherfoto.jpg\" class=\"attachment-full size-full wp-image-54458\" alt=\"\" srcset=\"https:\/\/suixtri.com\/wp-content\/uploads\/2021\/09\/SWISSMAN_Finisherfoto.jpg 2000w, https:\/\/suixtri.com\/wp-content\/uploads\/2021\/09\/SWISSMAN_Finisherfoto-300x159.jpg 300w, https:\/\/suixtri.com\/wp-content\/uploads\/2021\/09\/SWISSMAN_Finisherfoto-1024x543.jpg 1024w, https:\/\/suixtri.com\/wp-content\/uploads\/2021\/09\/SWISSMAN_Finisherfoto-768x407.jpg 768w, https:\/\/suixtri.com\/wp-content\/uploads\/2021\/09\/SWISSMAN_Finisherfoto-1536x814.jpg 1536w\" sizes=\"(max-width: 2000px) 100vw, 2000px\" \/><\/figure><div class=\"elementor-image-box-content\"><p class=\"elementor-image-box-description\">Les finishers du premier triathlon SWISSMAN Xtreme le 22 juin 2013.<\/p><\/div><\/div>\t\t\t\t<\/div>\n\t\t\t\t<\/div>\n\t\t\t\t<div class=\"elementor-element elementor-element-46fe855 elementor-widget elementor-widget-text-editor\" data-id=\"46fe855\" data-element_type=\"widget\" data-e-type=\"widget\" data-widget_type=\"text-editor.default\">\n\t\t\t\t<div class=\"elementor-widget-container\">\n\t\t\t\t\t\t\t\t\t<p>En juin 2013, le moment \u00e9tait venu en Suisse. La premi\u00e8re \u00e9dition du triathlon SWISSMAN Xtreme a eu lieu le 22 juin 2013. Sur le chemin de Brissago \u00e0 Kleine Scheidegg, une cinquantaine de triathl\u00e8tes ont lutt\u00e9 non seulement contre la m\u00e9t\u00e9o mais aussi contre leurs propres limites. Le premier SWISSMAN appartient \u00e0 l&rsquo;histoire.<\/p><p>\u00ab\u00a0Je suis all\u00e9 bien au-del\u00e0 des limites que je m&rsquo;\u00e9tais fix\u00e9es\u00a0\u00bb, a d\u00e9clar\u00e9 Stierli, vainqueur du premier SWISSMAN, en r\u00e9sumant sa journ\u00e9e apr\u00e8s avoir franchi la ligne d&rsquo;arriv\u00e9e \u00e0 Kleine Scheidegg. L&rsquo;athl\u00e8te de Rickenbach (SG) a laiss\u00e9 son empreinte sur l&rsquo;Xtreme Triathlon : Il a parcouru les 3,8 kilom\u00e8tres de natation, les 180 kilom\u00e8tres de v\u00e9lo et les 42 kilom\u00e8tres de course \u00e0 pied en 11,29 heures. Stierli, 38 ans, a ainsi distanc\u00e9 de 24 minutes Rafael Wyss de Thalwil (ZH, 11.53 heures), qui a huit ans de moins. Le podium masculin a \u00e9t\u00e9 compl\u00e9t\u00e9 par Andrea Zamboni, 42 ans, (12.05 heures) d&rsquo;Ascona.<\/p><p>La premi\u00e8re femme \u00e0 franchir la ligne d&rsquo;arriv\u00e9e apr\u00e8s 12.39 heures \u00e9tait la Britannique Emma Pooley de Hausen am Albis. Elle a domin\u00e9 le peloton f\u00e9minin d\u00e8s le d\u00e9part et a pu prendre plus d&rsquo;une heure \u00e0 Andrea Huser, 39 ans, d&rsquo;Aeschlen ob Gunten (BE) (13.53 heures), malgr\u00e9 de petits probl\u00e8mes techniques sur le parcours cycliste. La troisi\u00e8me athl\u00e8te \u00e0 avoir termin\u00e9 est Julia Nikolopoulos, 36 ans, d&rsquo;Allemagne (14.46 heures).<\/p><p>Un digne membre de la famille Xtreme Triathlon<br \/>Les athl\u00e8tes ont effectu\u00e9 un triathlon longue distance sur le parcours SWISSMAN qui avait tout pour plaire. Le signal de d\u00e9part de la premi\u00e8re \u00e9tape a \u00e9t\u00e9 donn\u00e9 \u00e0 5h08 devant les \u00eeles de Brissago, d&rsquo;o\u00f9 les triathl\u00e8tes ont nag\u00e9 jusqu&rsquo;\u00e0 Ascona. Le parcours cycliste de 180 kilom\u00e8tres passait par le Gothard, la Furka et le Grimsel, et les dieux de la m\u00e9t\u00e9o ont sorti le grand jeu : vent, pluie et soleil pour mettre les participants au d\u00e9fi. Enfin, \u00e0 Brienz, l&rsquo;itin\u00e9raire monte \u00e0 pied jusqu&rsquo;\u00e0 la Kleine Scheidegg, devant le d\u00e9cor \u00e9poustouflant de l&rsquo;Eiger, du M\u00f6nch et de la Jungfrau. L&rsquo;un des participants a r\u00e9sum\u00e9 la situation :<\/p><p>\u00ab\u00a0Vous courez un marathon avec vos muscles, un Ironman avec votre t\u00eate &#8211; mais vous ne pouvez faire le SWISSMAN qu&rsquo;avec votre c\u0153ur.\u00a0\u00bb Marcus Raatz, finisseur du SWISSMAN 2013<\/p><p>Le premier triathlon SWISSMAN Xtreme s&rsquo;est d\u00e9roul\u00e9 avec un groupe limit\u00e9 d&rsquo;environ 50 athl\u00e8tes. \u00ab\u00a0Nous avons pu acqu\u00e9rir une exp\u00e9rience pr\u00e9cieuse dans ce domaine afin d&rsquo;accueillir l&rsquo;ann\u00e9e prochaine un plateau de d\u00e9part complet d&rsquo;environ 200 participants\u00a0\u00bb, a d\u00e9clar\u00e9 le pr\u00e9sident du CO, Beat Stadelmann, apr\u00e8s l&rsquo;arriv\u00e9e. Il n&rsquo;y a eu ni bless\u00e9s ni accidents graves. Fini et heureux, l&rsquo;homme de Winterthur a d\u00e9clar\u00e9 : \u00ab\u00a0C&rsquo;\u00e9tait un r\u00eave devenu r\u00e9alit\u00e9 pour nous &#8211; notre \u00e9v\u00e9nement est un membre digne de la famille Xtreme Triathlon\u00a0\u00bb.<\/p><p>\u00ab\u00a0SWISSMAN\u00a0\u00bb. Une chose sensationnelle. Absolument recommandable. Le fait d&rsquo;avoir particip\u00e9 au premier SWISSMAN me rend incroyablement fier. J&rsquo;esp\u00e8re que l&rsquo;histoire continuera.\u00a0\u00bb\u00a0Philipp Brack, finisseur SWISSMAN<\/p><p>\u00ab\u00a0Je n&rsquo;ai pas grand-chose \u00e0 dire, c&rsquo;\u00e9tait sans aucun doute la chose la plus difficile que j&rsquo;aie jamais faite dans ma vie (et j&rsquo;ai essay\u00e9 des choses folles dans ma vie \ud83d\ude09 ). C&rsquo;est tellement dur mais tellement beau, quel voyage !!!\u00a0\u00bb Billy Munksbog, finisseur SWISSMAN, Danemark\u00a0<\/p>\t\t\t\t\t\t\t\t<\/div>\n\t\t\t\t<\/div>\n\t\t\t\t<div class=\"elementor-element elementor-element-c034a00 elementor-share-buttons--align-left elementor-grid-mobile-0 elementor-share-buttons-mobile--align-center uael-share-buttons--view-icon-text uael-stylex-inline elementor-grid-0 elementor-widget elementor-widget-uael-social-share\" data-id=\"c034a00\" data-element_type=\"widget\" data-e-type=\"widget\" data-settings=\"{&quot;alignment&quot;:&quot;left&quot;,&quot;column_gap&quot;:{&quot;unit&quot;:&quot;px&quot;,&quot;size&quot;:8,&quot;sizes&quot;:[]},&quot;button_size&quot;:{&quot;unit&quot;:&quot;px&quot;,&quot;size&quot;:0.59999999999999997779553950749686919152736663818359375,&quot;sizes&quot;:[]},&quot;icon_size&quot;:{&quot;unit&quot;:&quot;em&quot;,&quot;size&quot;:2.100000000000000088817841970012523233890533447265625,&quot;sizes&quot;:[]},&quot;columns_mobile&quot;:&quot;0&quot;,&quot;alignment_mobile&quot;:&quot;center&quot;,&quot;columns&quot;:&quot;0&quot;,&quot;column_gap_tablet&quot;:{&quot;unit&quot;:&quot;px&quot;,&quot;size&quot;:10,&quot;sizes&quot;:[]},&quot;column_gap_mobile&quot;:{&quot;unit&quot;:&quot;px&quot;,&quot;size&quot;:10,&quot;sizes&quot;:[]},&quot;row_gap&quot;:{&quot;unit&quot;:&quot;px&quot;,&quot;size&quot;:0,&quot;sizes&quot;:[]},&quot;row_gap_tablet&quot;:{&quot;unit&quot;:&quot;px&quot;,&quot;size&quot;:0,&quot;sizes&quot;:[]},&quot;row_gap_mobile&quot;:{&quot;unit&quot;:&quot;px&quot;,&quot;size&quot;:10,&quot;sizes&quot;:[]},&quot;button_size_tablet&quot;:{&quot;unit&quot;:&quot;px&quot;,&quot;size&quot;:&quot;&quot;,&quot;sizes&quot;:[]},&quot;button_size_mobile&quot;:{&quot;unit&quot;:&quot;px&quot;,&quot;size&quot;:&quot;&quot;,&quot;sizes&quot;:[]},&quot;button_height&quot;:{&quot;unit&quot;:&quot;em&quot;,&quot;size&quot;:&quot;&quot;,&quot;sizes&quot;:[]},&quot;button_height_tablet&quot;:{&quot;unit&quot;:&quot;em&quot;,&quot;size&quot;:&quot;&quot;,&quot;sizes&quot;:[]},&quot;button_height_mobile&quot;:{&quot;unit&quot;:&quot;em&quot;,&quot;size&quot;:&quot;&quot;,&quot;sizes&quot;:[]},&quot;icon_size_tablet&quot;:{&quot;unit&quot;:&quot;em&quot;,&quot;size&quot;:&quot;&quot;,&quot;sizes&quot;:[]},&quot;icon_size_mobile&quot;:{&quot;unit&quot;:&quot;em&quot;,&quot;size&quot;:&quot;&quot;,&quot;sizes&quot;:[]}}\" data-widget_type=\"uael-social-share.default\">\n\t\t\t\t<div class=\"elementor-widget-container\">\n\t\t\t\t\t\n\t\t<div class=\"uael-style-inline uael-container uael-floating-align-\" data-pin_data_url=\"\" data-share_url_type=\"current_page\" data-share_url=\"\">\n\t\t\t<div class=\"elementor-grid uael-floating-align-\">\n\t\t\t\t\t\t\t\t\t<div class=\"elementor-grid-item\">\n\t\t\t\t\t\t\t\t\t\t\t\t<a  class=\"uael-share-btn-facebook\">\n\t\t\t\t\t\t\t<div class=\"uael-share-btn elementor-animation- uaelbtn-shape-square uaelbtn--skin-flat\">\n\n\t\t\t\t\t\t\t\t\t\t\t\t\t\t\t\t\t\t\t<span class=\"uael-share-btn__icon\" aria-label=\"Share on facebook\">\n\t\t\t\t\t\t\t\t\t\t\t\t\t\t\t\t\t\t\t\t\t\t\t\t\t\t<i class=\"fab fa-facebook\" aria-hidden=\"true\"><\/i>\n\t\t\t\t\t\t\t\t\t\t\t\t\t\t\t\t\t\t\t\t\t\t\t\t<\/span>\n\t\t\t\t\t\t\t\t\t\t\t\t\t\t\t\t\t\t\t\t<div class=\"uael-share-btn__text\">\n\t\t\t\t\t\t\t\t\t\t\t\t<span class=\"uael-share-btn__title\">Facebook<\/span>\n\t\t\t\t\t\t\t\t\t\t<\/div>\n\t\t\t\t\t\t\t\t\t\t\t\t\t\t\t\t\t\t\t\t\t\t\t\t\t\t\t<\/div>\n\t\t\t\t\t\t<\/a>\n\t\t\t\t\t<\/div>\n\t\t\t\t\t\t\t\t\t\t<div class=\"elementor-grid-item\">\n\t\t\t\t\t\t\t\t\t\t\t\t<a  class=\"uael-share-btn-email\">\n\t\t\t\t\t\t\t<div class=\"uael-share-btn elementor-animation- uaelbtn-shape-square uaelbtn--skin-flat\">\n\n\t\t\t\t\t\t\t\t\t\t\t\t\t\t\t\t\t\t\t<span class=\"uael-share-btn__icon\" aria-label=\"Share on email\">\n\t\t\t\t\t\t\t\t\t\t\t\t\t\t\t\t\t\t\t\t\t\t\t\t\t\t<i class=\"fas fa-envelope\" aria-hidden=\"true\"><\/i>\n\t\t\t\t\t\t\t\t\t\t\t\t\t\t\t\t\t\t\t\t\t\t\t\t<\/span>\n\t\t\t\t\t\t\t\t\t\t\t\t\t\t\t\t\t\t\t\t<div class=\"uael-share-btn__text\">\n\t\t\t\t\t\t\t\t\t\t\t\t<span class=\"uael-share-btn__title\">Email<\/span>\n\t\t\t\t\t\t\t\t\t\t<\/div>\n\t\t\t\t\t\t\t\t\t\t\t\t\t\t\t\t\t\t\t\t\t\t\t\t\t\t\t<\/div>\n\t\t\t\t\t\t<\/a>\n\t\t\t\t\t<\/div>\n\t\t\t\t\t\t\t\t\t\t<div class=\"elementor-grid-item\">\n\t\t\t\t\t\t\t\t\t\t\t\t<a  class=\"uael-share-btn-whatsapp\">\n\t\t\t\t\t\t\t<div class=\"uael-share-btn elementor-animation- uaelbtn-shape-square uaelbtn--skin-flat\">\n\n\t\t\t\t\t\t\t\t\t\t\t\t\t\t\t\t\t\t\t<span class=\"uael-share-btn__icon\" aria-label=\"Share on whatsapp\">\n\t\t\t\t\t\t\t\t\t\t\t\t\t\t\t\t\t\t\t\t\t\t\t\t\t\t<i class=\"fab fa-whatsapp\" aria-hidden=\"true\"><\/i>\n\t\t\t\t\t\t\t\t\t\t\t\t\t\t\t\t\t\t\t\t\t\t\t\t<\/span>\n\t\t\t\t\t\t\t\t\t\t\t\t\t\t\t\t\t\t\t\t<div class=\"uael-share-btn__text\">\n\t\t\t\t\t\t\t\t\t\t\t\t<span class=\"uael-share-btn__title\">Whatsapp<\/span>\n\t\t\t\t\t\t\t\t\t\t<\/div>\n\t\t\t\t\t\t\t\t\t\t\t\t\t\t\t\t\t\t\t\t\t\t\t\t\t\t\t<\/div>\n\t\t\t\t\t\t<\/a>\n\t\t\t\t\t<\/div>\n\t\t\t\t\t\t\t\t<\/div>\n\t\t<\/div>\n\t\t\t\t\t\t<\/div>\n\t\t\t\t<\/div>\n\t\t\t\t\t<\/div>\n\t\t<\/div>\n\t\t\t\t\t<\/div>\n\t\t<\/section>\n\t\t\t\t<div class=\"elementor-element elementor-element-e48e012 elementor-widget-divider--view-line elementor-widget elementor-widget-divider\" data-id=\"e48e012\" data-element_type=\"widget\" data-e-type=\"widget\" data-widget_type=\"divider.default\">\n\t\t\t\t<div class=\"elementor-widget-container\">\n\t\t\t\t\t\t\t<div class=\"elementor-divider\">\n\t\t\t<span class=\"elementor-divider-separator\">\n\t\t\t\t\t\t<\/span>\n\t\t<\/div>\n\t\t\t\t\t\t<\/div>\n\t\t\t\t<\/div>\n\t\t\t\t\t<\/div>\n\t\t<\/div>\n\t\t\t\t\t<\/div>\n\t\t<\/section>\n\t\t\t\t<\/div>\n\t\t","protected":false},"excerpt":{"rendered":"<p>BACK Histoire Le concept des Xtreme Triathlons ram\u00e8ne les athl\u00e8tes aux racines du triathlon. Seules leurs propres performances, l&rsquo;atmosph\u00e8re familiale et l&rsquo;exp\u00e9rience au milieu de paysages \u00e0 couper le souffle sont au premier plan. La coop\u00e9ration entre les organisateurs du SWISSMAN, Norseman et Celtman a pour but de promouvoir et de diffuser ces valeurs du [&hellip;]<\/p>\n","protected":false},"author":1,"featured_media":56283,"parent":0,"menu_order":0,"comment_status":"closed","ping_status":"closed","template":"","meta":{"inline_featured_image":false,"footnotes":""},"class_list":["post-57809","page","type-page","status-publish","has-post-thumbnail","hentry"],"_links":{"self":[{"href":"https:\/\/suixtri.com\/fr\/wp-json\/wp\/v2\/pages\/57809","targetHints":{"allow":["GET"]}}],"collection":[{"href":"https:\/\/suixtri.com\/fr\/wp-json\/wp\/v2\/pages"}],"about":[{"href":"https:\/\/suixtri.com\/fr\/wp-json\/wp\/v2\/types\/page"}],"author":[{"embeddable":true,"href":"https:\/\/suixtri.com\/fr\/wp-json\/wp\/v2\/users\/1"}],"replies":[{"embeddable":true,"href":"https:\/\/suixtri.com\/fr\/wp-json\/wp\/v2\/comments?post=57809"}],"version-history":[{"count":4,"href":"https:\/\/suixtri.com\/fr\/wp-json\/wp\/v2\/pages\/57809\/revisions"}],"predecessor-version":[{"id":57905,"href":"https:\/\/suixtri.com\/fr\/wp-json\/wp\/v2\/pages\/57809\/revisions\/57905"}],"wp:featuredmedia":[{"embeddable":true,"href":"https:\/\/suixtri.com\/fr\/wp-json\/wp\/v2\/media\/56283"}],"wp:attachment":[{"href":"https:\/\/suixtri.com\/fr\/wp-json\/wp\/v2\/media?parent=57809"}],"curies":[{"name":"wp","href":"https:\/\/api.w.org\/{rel}","templated":true}]}}